{"id":1158,"date":"2022-06-15T07:41:41","date_gmt":"2022-06-15T07:41:41","guid":{"rendered":"https:\/\/nicktesting.kinsta.cloud\/shopdiko1\/?page_id=1158"},"modified":"2025-10-16T09:56:59","modified_gmt":"2025-10-16T09:56:59","slug":"about","status":"publish","type":"page","link":"https:\/\/ruederue.com\/vi\/about\/","title":{"rendered":"About"},"content":{"rendered":"<div data-elementor-type=\"wp-page\" data-elementor-id=\"1158\" class=\"elementor elementor-1158\" data-elementor-post-type=\"page\">\n\t\t\t\t<div class=\"elementor-element elementor-element-1b76dfb e-con-full e-flex wpr-particle-no wpr-jarallax-no wpr-parallax-no wpr-sticky-section-no e-con e-parent\" data-id=\"1b76dfb\" data-element_type=\"container\" data-settings=\"{&quot;background_background&quot;:&quot;classic&quot;}\">\n\t\t\t\t<\/div>\n\t\t<div class=\"elementor-element elementor-element-5da9ecc e-flex e-con-boxed wpr-particle-no wpr-jarallax-no wpr-parallax-no wpr-sticky-section-no e-con e-parent\" data-id=\"5da9ecc\" data-element_type=\"container\">\n\t\t\t\t\t<div class=\"e-con-inner\">\n\t\t\t\t<div class=\"elementor-element elementor-element-e438bb6 elementor-widget elementor-widget-heading\" data-id=\"e438bb6\" data-element_type=\"widget\" data-widget_type=\"heading.default\">\n\t\t\t\t\t<h2 class=\"elementor-heading-title elementor-size-default\">V\u1ec1 Rue De Rue<\/h2>\t\t\t\t<\/div>\n\t\t\t\t\t<\/div>\n\t\t\t\t<\/div>\n\t\t<div class=\"elementor-element elementor-element-d75d679 e-flex e-con-boxed wpr-particle-no wpr-jarallax-no wpr-parallax-no wpr-sticky-section-no e-con e-parent\" data-id=\"d75d679\" data-element_type=\"container\">\n\t\t\t\t\t<div class=\"e-con-inner\">\n\t\t\t\t<div class=\"elementor-element elementor-element-ff62074 elementor-widget elementor-widget-text-editor\" data-id=\"ff62074\" data-element_type=\"widget\" data-widget_type=\"text-editor.default\">\n\t\t\t\t\t\t\t\t\t<p><b>RUE de RUE<\/b><span style=\"font-weight: 400;\"> \u2014 <\/span><b><i>Slay all day, every day!\u00a0<\/i><\/b><\/p><p><span style=\"font-weight: 400;\">D\u00e0nh cho nh\u1eefng c\u00f4 g\u00e1i kh\u00f4ng s\u1ee3 n\u1ed5i b\u1eadt gi\u1eefa \u0111\u00e1m \u0111\u00f4ng.<\/span><\/p><p><b>RUE de RUE<\/b><span style=\"font-weight: 400;\"> l\u00e0 th\u01b0\u01a1ng hi\u1ec7u th\u1eddi trang thi\u1ebft k\u1ebf mang \u0111\u1eadm tinh th\u1ea7n Y2K v\u00e0 s\u1ef1 t\u00e1o b\u1ea1o c\u1ee7a th\u1eddi \u0111\u1ea1i m\u1edbi, v\u1edbi nh\u1eefng thi\u1ebft k\u1ebf \u0111\u1ed9c \u0111\u00e1o mang t\u00ednh \u1ee9ng d\u1ee5ng cao, gi\u00fap c\u00e1c c\u00f4 g\u00e1i b\u01b0\u1edbc ra kh\u1ecfi v\u00f9ng an to\u00e0n \u2014 v\u00e0 t\u1ecfa s\u00e1ng theo c\u00e1ch ri\u00eang.<\/span><\/p><p><span style=\"font-weight: 400;\">Kh\u00f4ng r\u1eadp khu\u00f4n, kh\u00f4ng gi\u1edbi h\u1ea1n \u2014 ch\u1ec9 c\u00f3 th\u1ea7n th\u00e1i t\u1ef1 tin v\u00e0 s\u1ee9c cu\u1ed1n h\u00fat ri\u00eang.<\/span><\/p>\t\t\t\t\t\t\t\t<\/div>\n\t\t\t\t\t<\/div>\n\t\t\t\t<\/div>\n\t\t\t\t<\/div>","protected":false},"excerpt":{"rendered":"<p>About Rue De Rue RUE de RUE \u2014 Slay all day, every day!\u00a0 For the girls who were born to stand out. RUE de RUE is a statement-making fashion brand inspired by the bold, rebellious spirit of Y2K and the fearless vibe of the new era. Every piece is designed to break boundaries \u2014 effortlessly wearable yet unapologetically unique \u2014 empowering you to own your spotlight, your way. No rules. No limits. Just pure confidence and undeniable edge.<\/p>","protected":false},"author":1,"featured_media":0,"parent":0,"menu_order":0,"comment_status":"closed","ping_status":"closed","template":"elementor_canvas","meta":{"footnotes":""},"class_list":["post-1158","page","type-page","status-publish","hentry"],"_links":{"self":[{"href":"https:\/\/ruederue.com\/vi\/wp-json\/wp\/v2\/pages\/1158","targetHints":{"allow":["GET"]}}],"collection":[{"href":"https:\/\/ruederue.com\/vi\/wp-json\/wp\/v2\/pages"}],"about":[{"href":"https:\/\/ruederue.com\/vi\/wp-json\/wp\/v2\/types\/page"}],"author":[{"embeddable":true,"href":"https:\/\/ruederue.com\/vi\/wp-json\/wp\/v2\/users\/1"}],"replies":[{"embeddable":true,"href":"https:\/\/ruederue.com\/vi\/wp-json\/wp\/v2\/comments?post=1158"}],"version-history":[{"count":18,"href":"https:\/\/ruederue.com\/vi\/wp-json\/wp\/v2\/pages\/1158\/revisions"}],"predecessor-version":[{"id":18427,"href":"https:\/\/ruederue.com\/vi\/wp-json\/wp\/v2\/pages\/1158\/revisions\/18427"}],"wp:attachment":[{"href":"https:\/\/ruederue.com\/vi\/wp-json\/wp\/v2\/media?parent=1158"}],"curies":[{"name":"wp","href":"https:\/\/api.w.org\/{rel}","templated":true}]}}