{"id":18438,"date":"2025-10-16T10:57:13","date_gmt":"2025-10-16T10:57:13","guid":{"rendered":"https:\/\/ruederue.com\/?page_id=18438"},"modified":"2025-10-16T10:57:48","modified_gmt":"2025-10-16T10:57:48","slug":"whole-sale","status":"publish","type":"page","link":"https:\/\/ruederue.com\/vi\/whole-sale\/","title":{"rendered":"Whole Sale"},"content":{"rendered":"<div data-elementor-type=\"wp-page\" data-elementor-id=\"18438\" class=\"elementor elementor-18438\" data-elementor-post-type=\"page\">\n\t\t\t\t<div class=\"elementor-element elementor-element-733f23a e-con-full e-flex wpr-particle-no wpr-jarallax-no wpr-parallax-no wpr-sticky-section-no e-con e-parent\" data-id=\"733f23a\" data-element_type=\"container\" data-settings=\"{&quot;background_background&quot;:&quot;classic&quot;}\">\n\t\t\t\t<\/div>\n\t\t<div class=\"elementor-element elementor-element-1630d63 e-flex e-con-boxed wpr-particle-no wpr-jarallax-no wpr-parallax-no wpr-sticky-section-no e-con e-parent\" data-id=\"1630d63\" data-element_type=\"container\">\n\t\t\t\t\t<div class=\"e-con-inner\">\n\t\t\t\t<div class=\"elementor-element elementor-element-316f3eb elementor-widget elementor-widget-heading\" data-id=\"316f3eb\" data-element_type=\"widget\" data-widget_type=\"heading.default\">\n\t\t\t\t\t<h2 class=\"elementor-heading-title elementor-size-default\">B\u00c1N S\u1ec8 \/ H\u1ee2P T\u00c1C PH\u00c2N PH\u1ed0I\n<\/h2>\t\t\t\t<\/div>\n\t\t\t\t\t<\/div>\n\t\t\t\t<\/div>\n\t\t<div class=\"elementor-element elementor-element-bcf1fde e-flex e-con-boxed wpr-particle-no wpr-jarallax-no wpr-parallax-no wpr-sticky-section-no e-con e-parent\" data-id=\"bcf1fde\" data-element_type=\"container\">\n\t\t\t\t\t<div class=\"e-con-inner\">\n\t\t\t\t<div class=\"elementor-element elementor-element-53db652 elementor-widget elementor-widget-text-editor\" data-id=\"53db652\" data-element_type=\"widget\" data-widget_type=\"text-editor.default\">\n\t\t\t\t\t\t\t\t\t<p><span style=\"font-weight: 400;\">Ch\u00fang t\u00f4i m\u1edf r\u1ed9ng h\u1ee3p t\u00e1c c\u00f9ng nhi\u1ec1u nh\u00e0 b\u00e1n l\u1ebb c\u00f3 chung cam k\u1ebft v\u1ec1 thi\u1ebft k\u1ebf tinh t\u1ebf, c\u00e1 t\u00ednh ri\u00eang v\u00e0 th\u1eddi trang c\u00f3 tr\u00e1ch nhi\u1ec7m.<\/span><\/p><p><span style=\"font-weight: 400;\">M\u1ed7i s\u1ea3n ph\u1ea9m c\u1ee7a <\/span><b>RUE de RUE<\/b><span style=\"font-weight: 400;\"> \u0111\u1ec1u \u0111\u01b0\u1ee3c thi\u1ebft k\u1ebf v\u00e0 s\u1ea3n xu\u1ea5t t\u1ec9 m\u1ec9 tr\u1ef1c ti\u1ebfp t\u1ea1i x\u01b0\u1edfng RUE de RUE t\u1ea1i Vi\u1ec7t Nam, v\u1edbi s\u1ef1 ch\u00fa tr\u1ecdng v\u00e0o t\u00ednh b\u1ec1n v\u1eefng, phong c\u00e1ch n\u1eef t\u00ednh v\u00e0 ch\u1ea5t l\u01b0\u1ee3ng l\u00e2u d\u00e0i<\/span><\/p><p><span style=\"font-weight: 400;\">N\u1ebfu b\u1ea1n quan t\u00e2m \u0111\u1ebfn vi\u1ec7c ph\u00e2n ph\u1ed1i ho\u1eb7c tr\u01b0ng b\u00e0y s\u1ea3n ph\u1ea9m <\/span><b>RUE de RUE<\/b><span style=\"font-weight: 400;\"> t\u1ea1i c\u1eeda h\u00e0ng c\u1ee7a m\u00ecnh, ch\u00fang t\u00f4i r\u1ea5t h\u00e2n h\u1ea1nh \u0111\u01b0\u1ee3c k\u1ebft n\u1ed1i c\u00f9ng b\u1ea1n.<\/span><\/p><p><span style=\"font-weight: 400;\">Li\u00ean h\u1ec7 v\u1edbi RUE de RUE qua email: <\/span><b>ruederue22@gmail.com<\/b><b><br \/><\/b><span style=\"font-weight: 400;\">Ti\u00eau \u0111\u1ec1: <\/span><b>WHOLESALE \u2013 RUE de RUE<\/b><\/p>\t\t\t\t\t\t\t\t<\/div>\n\t\t\t\t\t<\/div>\n\t\t\t\t<\/div>\n\t\t\t\t<\/div>","protected":false},"excerpt":{"rendered":"<p>WHOLESALE \/ DISTRIBUTION PARTNERSHIP We are open to collaborations with retailers who share our commitment to refined design, individual expression, and responsible fashion. Every design by RUE de RUE is carefully created and handcrafted in our Vietnam-based atelier, with a strong focus on sustainability, femininity, and enduring quality. If you\u2019re interested in stocking or showcasing RUE de RUE products at your store, we\u2019d love to connect with you. Please contact us via email: ruederue22@gmail.comSubject: WHOLESALE \u2013 RUE de RUE<\/p>","protected":false},"author":1,"featured_media":0,"parent":0,"menu_order":0,"comment_status":"closed","ping_status":"closed","template":"elementor_canvas","meta":{"footnotes":""},"class_list":["post-18438","page","type-page","status-publish","hentry"],"_links":{"self":[{"href":"https:\/\/ruederue.com\/vi\/wp-json\/wp\/v2\/pages\/18438","targetHints":{"allow":["GET"]}}],"collection":[{"href":"https:\/\/ruederue.com\/vi\/wp-json\/wp\/v2\/pages"}],"about":[{"href":"https:\/\/ruederue.com\/vi\/wp-json\/wp\/v2\/types\/page"}],"author":[{"embeddable":true,"href":"https:\/\/ruederue.com\/vi\/wp-json\/wp\/v2\/users\/1"}],"replies":[{"embeddable":true,"href":"https:\/\/ruederue.com\/vi\/wp-json\/wp\/v2\/comments?post=18438"}],"version-history":[{"count":4,"href":"https:\/\/ruederue.com\/vi\/wp-json\/wp\/v2\/pages\/18438\/revisions"}],"predecessor-version":[{"id":18442,"href":"https:\/\/ruederue.com\/vi\/wp-json\/wp\/v2\/pages\/18438\/revisions\/18442"}],"wp:attachment":[{"href":"https:\/\/ruederue.com\/vi\/wp-json\/wp\/v2\/media?parent=18438"}],"curies":[{"name":"wp","href":"https:\/\/api.w.org\/{rel}","templated":true}]}}