{"id":18483,"date":"2025-10-16T13:54:30","date_gmt":"2025-10-16T13:54:30","guid":{"rendered":"https:\/\/ruederue.com\/?page_id=18483"},"modified":"2025-10-16T13:59:43","modified_gmt":"2025-10-16T13:59:43","slug":"shipping-policy","status":"publish","type":"page","link":"https:\/\/ruederue.com\/vi\/shipping-policy\/","title":{"rendered":"CH\u00cdNH S\u00c1CH GIAO H\u00c0NG"},"content":{"rendered":"<div data-elementor-type=\"wp-page\" data-elementor-id=\"18483\" class=\"elementor elementor-18483\" data-elementor-post-type=\"page\">\n\t\t\t\t<div class=\"elementor-element elementor-element-7ab4b77 e-con-full e-flex wpr-particle-no wpr-jarallax-no wpr-parallax-no wpr-sticky-section-no e-con e-parent\" data-id=\"7ab4b77\" data-element_type=\"container\" data-settings=\"{&quot;background_background&quot;:&quot;classic&quot;}\">\n\t\t\t\t<\/div>\n\t\t<div class=\"elementor-element elementor-element-6a66960 e-flex e-con-boxed wpr-particle-no wpr-jarallax-no wpr-parallax-no wpr-sticky-section-no e-con e-parent\" data-id=\"6a66960\" data-element_type=\"container\">\n\t\t\t\t\t<div class=\"e-con-inner\">\n\t\t\t\t<div class=\"elementor-element elementor-element-e1952d3 elementor-widget elementor-widget-text-editor\" data-id=\"e1952d3\" data-element_type=\"widget\" data-widget_type=\"text-editor.default\">\n\t\t\t\t\t\t\t\t\t<h4 data-start=\"229\" data-end=\"253\"><strong data-start=\"234\" data-end=\"253\">CH\u00cdNH S\u00c1CH GIAO H\u00c0NG<\/strong><\/h4><p data-start=\"255\" data-end=\"348\">\u00c1p d\u1ee5ng cho t\u1ea5t c\u1ea3 c\u00e1c kh\u00e1ch h\u00e0ng mua s\u1eafm c\u00e1c s\u1ea3n ph\u1ea9m c\u1ee7a <strong data-start=\"303\" data-end=\"317\">RUE de RUE<\/strong> qua website <strong data-start=\"331\" data-end=\"347\">ruederue.com<\/strong>.<\/p><hr data-start=\"350\" data-end=\"353\" \/><h5 data-start=\"355\" data-end=\"384\"><strong data-start=\"361\" data-end=\"384\">1. Ph\u01b0\u01a1ng th\u1ee9c giao h\u00e0ng<\/strong><\/h5><p data-start=\"386\" data-end=\"449\"><strong data-start=\"386\" data-end=\"407\">N\u1ed9i \u0111\u1ecba:<\/strong><br data-start=\"407\" data-end=\"410\" \/>\u00c1p d\u1ee5ng cho c\u00e1c \u0111\u01a1n h\u00e0ng tr\u00ean ph\u1ea1m vi to\u00e0n qu\u1ed1c.<\/p><ul data-start=\"450\" data-end=\"672\"><li data-start=\"450\" data-end=\"522\"><p data-start=\"452\" data-end=\"522\"><strong data-start=\"452\" data-end=\"473\">Giao h\u00e0ng ti\u00eau chu\u1ea9n<\/strong> Ship h\u00e0ng qua \u0111\u01a1n v\u1ecb v\u1eadn chuy\u1ec3n (GHTK, J&amp;T,...)<\/p><\/li><li data-start=\"523\" data-end=\"609\"><p data-start=\"525\" data-end=\"609\"><strong data-start=\"525\" data-end=\"545\">Giao h\u00e0ng h\u1ecfa t\u1ed1c<\/strong> - Ship grab\/be h\u1ecfa t\u1ed1c, \u0111\u1ea3m b\u1ea3o nh\u1eadn h\u00e0ng trong ng\u00e0y.<\/p><\/li><li data-start=\"610\" data-end=\"672\"><p data-start=\"612\" data-end=\"672\"><strong data-start=\"612\" data-end=\"638\">\u2022 COD (Thanh to\u00e1n khi nh\u1eadn h\u00e0ng)<\/strong> Thanh to\u00e1n khi nh\u1eadn h\u00e0ng (COD).<\/p><\/li><\/ul><p data-start=\"674\" data-end=\"746\"><strong data-start=\"674\" data-end=\"700\">Qu\u1ed1c t\u1ebf:<\/strong><br data-start=\"700\" data-end=\"703\" \/>\u00c1p d\u1ee5ng cho c\u00e1c \u0111\u01a1n h\u00e0ng ngo\u00e0i l\u00e3nh th\u1ed5 Vi\u1ec7t Nam.<\/p><ul data-start=\"747\" data-end=\"822\"><li data-start=\"747\" data-end=\"822\"><p data-start=\"749\" data-end=\"822\"><strong data-start=\"749\" data-end=\"775\">Giao h\u00e0ng qu\u1ed1c t\u1ebf<\/strong> - Ship h\u00e0ng qua \u0111\u01a1n v\u1ecb v\u1eadn chuy\u1ec3n qu\u1ed1c t\u1ebf.<\/p><\/li><\/ul><hr data-start=\"824\" data-end=\"827\" \/><h5 data-start=\"829\" data-end=\"855\"><strong data-start=\"835\" data-end=\"855\">2. Th\u1eddi gian giao h\u00e0ng<\/strong><\/h5><p data-start=\"857\" data-end=\"981\">Sau khi nh\u1eadn \u0111\u01b0\u1ee3c th\u00f4ng tin \u0111\u1eb7t h\u00e0ng, <strong data-start=\"884\" data-end=\"898\">RUE de RUE<\/strong> s\u1ebd x\u1eed l\u00fd \u0111\u01a1n h\u00e0ng trong v\u00f2ng <strong data-start=\"922\" data-end=\"934\">24 gi\u1edd<\/strong> v\u00e0 x\u00e1c nh\u1eadn l\u1ea1i th\u00f4ng tin cho kh\u00e1ch h\u00e0ng v\u1ec1 vi\u1ec7c thanh to\u00e1n v\u00e0 giao nh\u1eadn.<\/p><p data-start=\"983\" data-end=\"1007\"><strong data-start=\"983\" data-end=\"1005\">N\u1ed9i \u0111\u1ecba:<\/strong><\/p><ul data-start=\"1008\" data-end=\"1153\"><li data-start=\"1008\" data-end=\"1053\"><p data-start=\"1010\" data-end=\"1053\">N\u1ed9i th\u00e0nh: <strong data-start=\"1030\" data-end=\"1051\">t\u1eeb 2-3 ng\u00e0y.<\/strong><\/p><\/li><li data-start=\"1054\" data-end=\"1153\"><p data-start=\"1056\" data-end=\"1153\">Ngo\u1ea1i th\u00e0nh v\u00e0 c\u00e1c t\u1ec9nh kh\u00e1c: <strong data-start=\"1090\" data-end=\"1111\">3-5 ng\u00e0y<\/strong>ho\u1eb7c theo th\u1ecfa thu\u1eadn v\u1edbi kh\u00e1ch khi \u0111\u1eb7t h\u00e0ng.<\/p><\/li><\/ul><p data-start=\"1155\" data-end=\"1184\"><strong data-start=\"1155\" data-end=\"1182\">Qu\u1ed1c t\u1ebf:<\/strong><\/p><ul data-start=\"1185\" data-end=\"1266\"><li data-start=\"1185\" data-end=\"1266\"><p data-start=\"1187\" data-end=\"1266\">T\u00f9y theo qu\u1ed1c gia v\u00e0 khu v\u1ef1c, dao \u0111\u1ed9ng t\u1eeb <strong data-start=\"1244\" data-end=\"1266\">7\u201321 ng\u00e0y l\u00e0m vi\u1ec7c.<\/strong><\/p><\/li><\/ul><p data-start=\"1268\" data-end=\"1374\"><strong data-start=\"1268\" data-end=\"1284\">L\u01b0u \u00fd:<\/strong> c\u0169ng c\u00f3 tr\u01b0\u1eddng h\u1ee3p vi\u1ec7c giao h\u00e0ng k\u00e9o d\u00e0i h\u01a1n nh\u01b0ng ch\u1ec9 x\u1ea3y ra trong nh\u1eefng t\u00ecnh hu\u1ed1ng b\u1ea5t kh\u1ea3 kh\u00e1ng nh\u01b0 sau:<\/p><ul data-start=\"1375\" data-end=\"1547\"><li data-start=\"1375\" data-end=\"1419\"><p data-start=\"1377\" data-end=\"1419\">Kh\u00f4ng th\u1ec3 li\u00ean l\u1ea1c v\u1edbi kh\u00e1ch h\u00e0ng qua \u0111i\u1ec7n tho\u1ea1i.<\/p><\/li><li data-start=\"1420\" data-end=\"1464\"><p data-start=\"1422\" data-end=\"1464\">\u0110\u1ecba ch\u1ec9 giao h\u00e0ng kh\u00f4ng ch\u00ednh x\u00e1c.<\/p><\/li><li data-start=\"1465\" data-end=\"1500\"><p data-start=\"1467\" data-end=\"1500\">S\u1ed1 l\u01b0\u1ee3ng \u0111\u01a1n h\u00e0ng t\u0103ng \u0111\u1ed9t bi\u1ebfn khi\u1ebfn vi\u1ec7c x\u1eed l\u00fd \u0111\u01a1n h\u00e0ng b\u1ecb ch\u1eadm.<\/p><\/li><li data-start=\"1501\" data-end=\"1547\"><p data-start=\"1503\" data-end=\"1547\">\u0110\u1ed1i t\u00e1c cung c\u1ea5p h\u00e0ng ch\u1eadm h\u01a1n d\u1ef1 ki\u1ebfn khi\u1ebfn vi\u1ec7c giao h\u00e0ng b\u1ecb ch\u1eadm l\u1ea1i ho\u1eb7c \u0111\u1ed1i t\u00e1c v\u1eadn chuy\u1ec3n giao h\u00e0ng b\u1ecb ch\u1eadm.<\/p><\/li><\/ul><p data-start=\"1549\" data-end=\"1693\">Trong tr\u01b0\u1eddng h\u1ee3p x\u1ea3y ra ch\u1eadm tr\u1ec5 <strong data-start=\"1576\" data-end=\"1590\">RUE de RUE<\/strong> s\u1ebd th\u00f4ng tin k\u1ecbp th\u1eddi cho kh\u00e1ch h\u00e0ng v\u00e0 kh\u00e1ch h\u00e0ng c\u00f3 th\u1ec3 l\u1ef1a ch\u1ecdn gi\u1eefa vi\u1ec7c H\u1ee7y \u0111\u01a1n h\u00e0ng ho\u1eb7c Ti\u1ebfp t\u1ee5c ch\u1edd h\u00e0ng.<\/p><hr data-start=\"1695\" data-end=\"1698\" \/><h5 data-start=\"1700\" data-end=\"1726\"><strong data-start=\"1706\" data-end=\"1726\">3. Ph\u00ed v\u1eadn chuy\u1ec3n<\/strong><\/h5><p data-start=\"1728\" data-end=\"1964\">C\u01b0\u1edbc ph\u00ed v\u1eadn chuy\u1ec3n s\u1ebd \u0111\u01b0\u1ee3c t\u00ednh d\u1ef1a theo <strong data-start=\"1770\" data-end=\"1804\">ph\u00ed c\u1ee7a c\u00e1c \u0111\u01a1n v\u1ecb v\u1eadn chuy\u1ec3n<\/strong> t\u00f9y v\u00e0o v\u1ecb tr\u00ed v\u00e0 <strong data-start=\"1831\" data-end=\"1860\">tr\u1ecdng l\u01b0\u1ee3ng c\u1ee7a \u0111\u01a1n h\u00e0ng.<\/strong>.<br data-start=\"1861\" data-end=\"1864\" \/>M\u1ee9c ph\u00ed v\u1eadn chuy\u1ec3n chi ti\u1ebft s\u1ebd \u0111\u01b0\u1ee3c <strong data-start=\"1896\" data-end=\"1929\">hi\u1ec3n th\u1ecb c\u00f4ng khai<\/strong> khi \u0111\u1eb7t h\u00e0ng.<\/p><hr data-start=\"1966\" data-end=\"1969\" \/><h5 data-start=\"1971\" data-end=\"1999\"><strong data-start=\"1977\" data-end=\"1999\">4. H\u00ecnh th\u1ee9c thanh to\u00e1n<\/strong><\/h5><p data-start=\"2001\" data-end=\"2089\">Kh\u00e1ch h\u00e0ng c\u00f3 th\u1ec3 ch\u1ecdn thanh to\u00e1n b\u1eb1ng t\u1ea5t c\u1ea3 c\u00e1c h\u00ecnh th\u1ee9c thanh to\u00e1n hi\u1ec7n c\u00f3 t\u1ea1i website <strong data-start=\"2070\" data-end=\"2086\">ruederue.com<\/strong>:<\/p><ul data-start=\"2090\" data-end=\"2198\"><li data-start=\"2090\" data-end=\"2120\"><p data-start=\"2092\" data-end=\"2120\"><strong data-start=\"2092\" data-end=\"2118\">\u2022 COD (Thanh to\u00e1n khi nh\u1eadn h\u00e0ng)<\/strong><\/p><\/li><li data-start=\"2121\" data-end=\"2163\"><p data-start=\"2123\" data-end=\"2163\"><strong data-start=\"2123\" data-end=\"2161\">\u2022 Th\u1ebb ATM \/ Visa \/ Mastercard\/JCB<\/strong><\/p><\/li><li data-start=\"2164\" data-end=\"2198\"><p data-start=\"2166\" data-end=\"2198\"><strong data-start=\"2166\" data-end=\"2196\">\u2022 V\u00ed \u0111i\u1ec7n t\u1eed (Momo \/ Zalopay)<\/strong><\/p><\/li><\/ul><hr data-start=\"2200\" data-end=\"2203\" \/><h5 data-start=\"2205\" data-end=\"2247\"><strong data-start=\"2211\" data-end=\"2247\">5. Nh\u1eefng l\u01b0u \u00fd khi nh\u1eadn h\u00e0ng<\/strong><\/h5><p data-start=\"2249\" data-end=\"2421\"><strong data-start=\"2249\" data-end=\"2263\">RUE de RUE<\/strong> v\u00e0 c\u00e1c \u0111\u1ed1i t\u00e1c v\u1eadn chuy\u1ec3n lu\u00f4n c\u1ed1 g\u1eafng th\u1ef1c hi\u1ec7n vi\u1ec7c giao h\u00e0ng \u0111\u1ebfn qu\u00fd kh\u00e1ch \u0111\u00fang theo th\u1eddi gian \u0111\u00e3 th\u00f4ng b\u00e1o. Tuy nhi\u00ean, trong m\u1ed9t v\u00e0i tr\u01b0\u1eddng h\u1ee3p \u0111\u1eb7c bi\u1ec7t <strong data-start=\"2370\" data-end=\"2418\">nh\u01b0 thi\u00ean tai, th\u1eddi ti\u1ebft, giao th\u00f4ng,\u2026th\u1eddi gian giao h\u00e0ng c\u00f3 th\u1ec3 s\u1ebd d\u00e0i h\u01a1n so v\u1edbi th\u1ef1c t\u1ebf.<\/strong>.<\/p><p data-start=\"2423\" data-end=\"2608\">S\u1ea3n ph\u1ea9m RUE de RUE khi giao \u0111\u1ebfn cho kh\u00e1ch h\u00e0ng ph\u1ea3i c\u00f2n nguy\u00ean ki\u1ec7n, ch\u01b0a c\u00f3 d\u1ea5u hi\u1ec7u b\u00f3c m\u1edf. <strong data-start=\"2461\" data-end=\"2493\">N\u1ebfu khi h\u00e0ng nh\u1eadn th\u1ea5y c\u00f3 \u0111i\u1ec1u b\u1ea5t th\u01b0\u1eddng c\u00f3 th\u1ec3 t\u1eeb ch\u1ed1i nh\u1eadn h\u00e0ng v\u00e0 li\u00ean h\u1ec7 v\u1edbi B\u1ed9 ph\u1eadn ch\u0103m s\u00f3c kh\u00e1ch h\u00e0ng c\u1ee7a RUE de RUE.<\/strong>.<br data-start=\"2494\" data-end=\"2497\" \/>D\u1ecbch v\u1ee5 v\u1eadn chuy\u1ec3n c\u1ee7a RUE de RUE <strong data-start=\"2531\" data-end=\"2554\">s\u1ebd ch\u1ecbu tr\u00e1ch nhi\u1ec7m v\u1edbi h\u00e0ng h\u00f3a v\u00e0 c\u00e1c r\u1ee7i ro nh\u01b0 m\u1ea5t m\u00e1t ho\u1eb7c h\u01b0 h\u1ea1i<\/strong> c\u1ee7a h\u00e0ng h\u00f3a <strong data-start=\"2571\" data-end=\"2593\">trong su\u1ed1t qu\u00e1 tr\u00ecnh v\u1eadn chuy\u1ec3n h\u00e0ng t\u1eeb kho h\u00e0ng RUE de RUE<\/strong> \u0111\u1ebfn kh\u00e1ch h\u00e0ng.<\/p><p data-start=\"2610\" data-end=\"2752\">RUE de RUE cam k\u1ebft <strong data-start=\"2633\" data-end=\"2670\">t\u1ea5t c\u1ea3 h\u00e0ng h\u00f3a g\u1eedi \u0111\u1ebfn kh\u00e1ch h\u00e0ng<\/strong> theo \u0111\u01a1n h\u00e0ng c\u1ee7a <strong data-start=\"2694\" data-end=\"2708\">RUE de RUE<\/strong> \u0111\u1ec1u l\u00e0 <strong data-start=\"2719\" data-end=\"2751\">h\u00e0ng thi\u1ebft k\u1ebf ch\u00ednh h\u00e3ng m\u1edbi 100%.<\/strong>.<\/p>\t\t\t\t\t\t\t\t<\/div>\n\t\t\t\t<div class=\"elementor-element elementor-element-c5a3749 elementor-widget elementor-widget-text-editor\" data-id=\"c5a3749\" data-element_type=\"widget\" data-widget_type=\"text-editor.default\">\n\t\t\t\t\t\t\t\t\t<p><b><i>*L\u01b0u \u00fd: video c\u1ea7n quay r\u00f5 tem ki\u1ec7n h\u00e0ng &amp; m\u00e3 \u0111\u01a1n h\u00e0ng, t\u00ecnh tr\u1ea1ng ngo\u1ea1i quan (b\u0103ng keo, seal, h\u00ecnh d\u1ea1ng \u0111\u01a1n h\u00e0ng) v\u00e0 t\u00ecnh tr\u1ea1ng s\u1ea3n ph\u1ea9m b\u00ean trong.<\/i><\/b><\/p>\t\t\t\t\t\t\t\t<\/div>\n\t\t\t\t\t<\/div>\n\t\t\t\t<\/div>\n\t\t\t\t<\/div>","protected":false},"excerpt":{"rendered":"<p>Shipping Policy This policy applies to all customers purchasing RUE de RUE products via ruederue.com. 1. Shipping Methods Domestic ShippingApplies to all orders within Vietnam. Standard Delivery \u2013 Shipped via local couriers (GHTK, J&amp;T, etc.) Express Delivery \u2013 Same-day delivery via Grab\/Be (available in selected areas) Cash on Delivery (COD) \u2013 Pay upon receiving your order International ShippingApplies to all orders outside of Vietnam. International Delivery \u2013 Shipped via international courier services 2. Delivery Time Once your order is placed, RUE de RUE will process it within 24 hours and confirm your payment and shipping details. Domestic Shipping: Central city areas: 2\u20133 business days Other provinces and remote areas: 3\u20135 business days, or as agreed upon at the time of order International Shipping: Delivery time varies depending on destination, typically 7\u201321 business days Please note: Delivery may take longer due to unforeseen circumstances, including but not limited to: Unable to contact the customer via phone Incorrect or incomplete delivery address Sudden increase in order volume Delays from suppliers or shipping partners In the event of any delay, RUE de RUE will promptly notify you. You may choose to either cancel your order or continue to wait for delivery. 3. Shipping Fees Shipping fees are calculated based on the rates of our delivery partners and may vary depending on location and order weight.The exact shipping cost will be clearly displayed at checkout before you complete your purchase. 4. Payment Methods Customers can choose from the following payment options available on ruederue.com: Cash on Delivery (COD) ATM Card \/ Visa \/ Mastercard \/ JCB E-wallets (MoMo \/ ZaloPay) 5. Notes on Receiving Your Order RUE de RUE and our delivery partners always strive to deliver orders on time. However, minor delays may occur due to weather, traffic, or other unforeseen events. Please ensure that products arrive in original, unopened packaging.If you notice any issues, you may refuse the delivery and contact our Customer Care team for support. We are responsible for any loss or damage during transit and guarantee that all RUE de RUE items are 100% authentic and brand new. *Note: Please film the unboxing, clearly showing the label, packaging, and product for claim support if needed.<\/p>","protected":false},"author":1,"featured_media":0,"parent":0,"menu_order":0,"comment_status":"closed","ping_status":"closed","template":"elementor_canvas","meta":{"footnotes":""},"class_list":["post-18483","page","type-page","status-publish","hentry"],"_links":{"self":[{"href":"https:\/\/ruederue.com\/vi\/wp-json\/wp\/v2\/pages\/18483","targetHints":{"allow":["GET"]}}],"collection":[{"href":"https:\/\/ruederue.com\/vi\/wp-json\/wp\/v2\/pages"}],"about":[{"href":"https:\/\/ruederue.com\/vi\/wp-json\/wp\/v2\/types\/page"}],"author":[{"embeddable":true,"href":"https:\/\/ruederue.com\/vi\/wp-json\/wp\/v2\/users\/1"}],"replies":[{"embeddable":true,"href":"https:\/\/ruederue.com\/vi\/wp-json\/wp\/v2\/comments?post=18483"}],"version-history":[{"count":7,"href":"https:\/\/ruederue.com\/vi\/wp-json\/wp\/v2\/pages\/18483\/revisions"}],"predecessor-version":[{"id":18491,"href":"https:\/\/ruederue.com\/vi\/wp-json\/wp\/v2\/pages\/18483\/revisions\/18491"}],"wp:attachment":[{"href":"https:\/\/ruederue.com\/vi\/wp-json\/wp\/v2\/media?parent=18483"}],"curies":[{"name":"wp","href":"https:\/\/api.w.org\/{rel}","templated":true}]}}